{"id":161,"date":"2025-12-15T10:47:02","date_gmt":"2025-12-15T10:47:02","guid":{"rendered":"https:\/\/kemerkent.net\/?page_id=161"},"modified":"2025-12-15T10:47:02","modified_gmt":"2025-12-15T10:47:02","slug":"kemerde-cedes-kapsaminda-hakem-sen-ol-futsal-etkinligi-duzenlendi","status":"publish","type":"page","link":"https:\/\/kemerkent.net\/?page_id=161","title":{"rendered":"KEMER\u2019DE \u00c7EDES KAPSAMINDA \u201cHAKEM SEN OL\u201d FUTSAL ETK\u0130NL\u0130\u011e\u0130 D\u00dcZENLEND\u0130"},"content":{"rendered":"\n<p>Kemer\u2019de, \u00f6\u011frencilerin \u00e7evreye duyarl\u0131l\u0131k, sorumluluk ve de\u011ferler bilincini geli\u015ftirmek amac\u0131yla \u00c7evreme Duyarl\u0131y\u0131m, De\u011ferlerime Sahip \u00c7\u0131k\u0131yorum (\u00c7EDES) Program\u0131 kapsam\u0131nda \u201cHakem Sen Ol \u2013 Futsal Etkinli\u011fi\u201d ger\u00e7ekle\u015ftirildi.<\/p>\n\n\n\n<p>Kemer Kaymakaml\u0131\u011f\u0131 ve Kemer Halk E\u011fitim Merkezi M\u00fcd\u00fcrl\u00fc\u011f\u00fc koordinasyonunda d\u00fczenlenen etkinlikte, \u00f6\u011frenciler futsal m\u00fcsabakalar\u0131nda bu kez sporcu de\u011fil, hakem olarak g\u00f6rev ald\u0131. Uygulamal\u0131 olarak ger\u00e7ekle\u015ftirilen organizasyonda \u00f6\u011frenciler; adaletli karar verme, empati kurma, fair-play ve sportmenlik kavramlar\u0131n\u0131 sahada birebir deneyimleme f\u0131rsat\u0131 buldu.<\/p>\n\n\n\n<p>Etkinlik boyunca \u00f6\u011frenciler, oyunun kurallar\u0131n\u0131 uygularken ayn\u0131 zamanda sorumluluk alman\u0131n, tarafs\u0131z olman\u0131n ve do\u011fru karar vermenin \u00f6nemini ya\u015fayarak \u00f6\u011frendi. Sporun birle\u015ftirici g\u00fcc\u00fcn\u00fcn \u00f6n plana \u00e7\u0131kt\u0131\u011f\u0131 organizasyon, de\u011ferler e\u011fitiminin g\u00fcnl\u00fck ya\u015famla ve sporla b\u00fct\u00fcnle\u015ftirilmesine y\u00f6nelik \u00f6rnek bir \u00e7al\u0131\u015fma olarak dikkat \u00e7ekti.<\/p>\n\n\n\n<figure class=\"wp-block-image size-large\"><img loading=\"lazy\" decoding=\"async\" width=\"1024\" height=\"768\" src=\"https:\/\/kemerkent.net\/wp-content\/uploads\/2025\/12\/cedes2-1024x768.jpg\" alt=\"\" class=\"wp-image-162\" srcset=\"https:\/\/kemerkent.net\/wp-content\/uploads\/2025\/12\/cedes2-1024x768.jpg 1024w, https:\/\/kemerkent.net\/wp-content\/uploads\/2025\/12\/cedes2-300x225.jpg 300w, https:\/\/kemerkent.net\/wp-content\/uploads\/2025\/12\/cedes2-768x576.jpg 768w, https:\/\/kemerkent.net\/wp-content\/uploads\/2025\/12\/cedes2-1536x1152.jpg 1536w, https:\/\/kemerkent.net\/wp-content\/uploads\/2025\/12\/cedes2.jpg 1600w\" sizes=\"auto, (max-width: 1024px) 100vw, 1024px\" \/><\/figure>\n\n\n\n<p>Yetkililer, \u00c7EDES Program\u0131 kapsam\u0131nda benzer etkinliklerle \u00f6\u011frencilerin hem sportif hem de ahlaki geli\u015fimlerine katk\u0131 sa\u011flamaya devam edilece\u011fini belirtti.<\/p>\n","protected":false},"excerpt":{"rendered":"<p>Kemer\u2019de, \u00f6\u011frencilerin \u00e7evreye duyarl\u0131l\u0131k, sorumluluk ve de\u011ferler bilincini geli\u015ftirmek amac\u0131yla \u00c7evreme Duyarl\u0131y\u0131m, De\u011ferlerime Sahip \u00c7\u0131k\u0131yorum&#8230;<\/p>\n","protected":false},"author":1,"featured_media":163,"parent":0,"menu_order":0,"comment_status":"closed","ping_status":"closed","template":"","meta":{"footnotes":""},"class_list":["post-161","page","type-page","status-publish","has-post-thumbnail","hentry"],"_links":{"self":[{"href":"https:\/\/kemerkent.net\/index.php?rest_route=\/wp\/v2\/pages\/161","targetHints":{"allow":["GET"]}}],"collection":[{"href":"https:\/\/kemerkent.net\/index.php?rest_route=\/wp\/v2\/pages"}],"about":[{"href":"https:\/\/kemerkent.net\/index.php?rest_route=\/wp\/v2\/types\/page"}],"author":[{"embeddable":true,"href":"https:\/\/kemerkent.net\/index.php?rest_route=\/wp\/v2\/users\/1"}],"replies":[{"embeddable":true,"href":"https:\/\/kemerkent.net\/index.php?rest_route=%2Fwp%2Fv2%2Fcomments&post=161"}],"version-history":[{"count":1,"href":"https:\/\/kemerkent.net\/index.php?rest_route=\/wp\/v2\/pages\/161\/revisions"}],"predecessor-version":[{"id":164,"href":"https:\/\/kemerkent.net\/index.php?rest_route=\/wp\/v2\/pages\/161\/revisions\/164"}],"wp:featuredmedia":[{"embeddable":true,"href":"https:\/\/kemerkent.net\/index.php?rest_route=\/wp\/v2\/media\/163"}],"wp:attachment":[{"href":"https:\/\/kemerkent.net\/index.php?rest_route=%2Fwp%2Fv2%2Fmedia&parent=161"}],"curies":[{"name":"wp","href":"https:\/\/api.w.org\/{rel}","templated":true}]}}